{"id":540,"date":"2017-06-12T10:16:50","date_gmt":"2017-06-12T10:16:50","guid":{"rendered":"https:\/\/victorthemes.com\/themes\/roof\/?page_id=540"},"modified":"2025-08-25T11:48:41","modified_gmt":"2025-08-25T11:48:41","slug":"urunlerimiz","status":"publish","type":"page","link":"https:\/\/soilfert.com.tr\/index.php\/urunlerimiz\/","title":{"rendered":"\u00dcR\u00dcNLER\u0130M\u0130Z"},"content":{"rendered":"<div class=\"wpb-content-wrapper\"><p>[vc_row][vc_column]\r\n    <section class=\"roof-works  roof-portfolio-69d09bbf51063 not-link\">\r\n          <ul class=\"nav navbar-nav filters-nav masonry-filters  roof-portfolio-69d09bbf51063\">\r\n      <li><a href=\"javascript:void(0);\" data-filter=\"*\" class=\"active\">T\u00dcM\u00dc<\/a><\/li>\r\n    <li><a href=\"javascript:void(0);\" data-filter=\".bitki-besleme-item\">B\u0130TK\u0130 BESLEME<\/a><\/li><li><a href=\"javascript:void(0);\" data-filter=\".bonsai-topragi-item\">BONSA\u0130 TOPRA\u011eI<\/a><\/li><li><a href=\"javascript:void(0);\" data-filter=\".fide-yetistirme-topragi-item\">F\u0130DE YET\u0130\u015eT\u0130RME TOPRA\u011eI<\/a><\/li><li><a href=\"javascript:void(0);\" data-filter=\".genel-besin-bitki-topragi-item\">GENEL BES\u0130N B\u0130TK\u0130 TOPRA\u011eI<\/a><\/li><li><a href=\"javascript:void(0);\" data-filter=\".ic-mekan-bitki-topragi-item\">\u0130\u00c7 MEKAN B\u0130TK\u0130 TOPRA\u011eI<\/a><\/li><li><a href=\"javascript:void(0);\" data-filter=\".kaktus-skulent-topragi-item\">KAKT\u00dcS SKULENT TOPRA\u011eI<\/a><\/li><li><a href=\"javascript:void(0);\" data-filter=\".menekse-sardunya-toragi-item\">MENEK\u015eE SARDUNYA TORA\u011eI<\/a><\/li><li><a href=\"javascript:void(0);\" data-filter=\".torf-ve-topraklar-item\">TORF ve TOPRAKLAR<\/a><\/li>\t\t<\/ul>\r\n        <div class=\"roof-masonry  masonry-item-five   \"           >\r\n              <div class=\"masonry-item masonry-grid msry-detail-page menekse-sardunya-toragi-item torf-ve-topraklar-item \" data-category=\"menekse-sardunya-toragi-item torf-ve-topraklar-item \">\r\n            <div class=\"work-list\">\r\n              <div class=\"roof-picture\"> <img decoding=\"async\" src=\"https:\/\/soilfert.com.tr\/wp-content\/uploads\/2025\/08\/MENEKSESARDUNYATOPRAGI5LT-370x300.jpg\" alt=\"MENEK\u015eE SARDUNYA TORA\u011eI 5 LT\"><\/div>\r\n              <div class=\"work-info\">\r\n                <div class=\"roof-table-container\">\r\n                  <div class=\"roof-align-container\">\r\n                    <h5 class=\"work-title\"><a href=\"https:\/\/soilfert.com.tr\/index.php\/portfolio\/menekse-sardunya-toragi-5-lt\/\">MENEK\u015eE SARDUNYA TORA\u011eI 5 LT<\/a><\/h5>\r\n                    <div class=\"view-more\"><a href=\"https:\/\/soilfert.com.tr\/index.php\/portfolio\/menekse-sardunya-toragi-5-lt\/\" class=\"roof-btn roof-btn-small\">Detaylar<\/a><\/div>\r\n                  <\/div>\r\n                <\/div>\r\n              <\/div>\r\n            <\/div>\r\n          <\/div>\r\n\r\n                  <div class=\"masonry-item masonry-grid msry-detail-page menekse-sardunya-toragi-item torf-ve-topraklar-item \" data-category=\"menekse-sardunya-toragi-item torf-ve-topraklar-item \">\r\n            <div class=\"work-list\">\r\n              <div class=\"roof-picture\"> <img decoding=\"async\" src=\"https:\/\/soilfert.com.tr\/wp-content\/uploads\/2025\/08\/MENEKSESARDUNYATOPRAGI10LT-370x300.jpg\" alt=\"MENEK\u015eE SARDUNYA TORA\u011eI 10 LT\"><\/div>\r\n              <div class=\"work-info\">\r\n                <div class=\"roof-table-container\">\r\n                  <div class=\"roof-align-container\">\r\n                    <h5 class=\"work-title\"><a href=\"https:\/\/soilfert.com.tr\/index.php\/portfolio\/menekse-sardunya-toragi-10-lt\/\">MENEK\u015eE SARDUNYA TORA\u011eI 10 LT<\/a><\/h5>\r\n                    <div class=\"view-more\"><a href=\"https:\/\/soilfert.com.tr\/index.php\/portfolio\/menekse-sardunya-toragi-10-lt\/\" class=\"roof-btn roof-btn-small\">Detaylar<\/a><\/div>\r\n                  <\/div>\r\n                <\/div>\r\n              <\/div>\r\n            <\/div>\r\n          <\/div>\r\n\r\n                  <div class=\"masonry-item masonry-grid msry-detail-page kaktus-skulent-topragi-item torf-ve-topraklar-item \" data-category=\"kaktus-skulent-topragi-item torf-ve-topraklar-item \">\r\n            <div class=\"work-list\">\r\n              <div class=\"roof-picture\"> <img decoding=\"async\" src=\"https:\/\/soilfert.com.tr\/wp-content\/uploads\/2025\/08\/KAKTUS2.5LT-370x300.jpg\" alt=\"KAKT\u00dcS SKULENT TOPRA\u011eI 2.5 LT\"><\/div>\r\n              <div class=\"work-info\">\r\n                <div class=\"roof-table-container\">\r\n                  <div class=\"roof-align-container\">\r\n                    <h5 class=\"work-title\"><a href=\"https:\/\/soilfert.com.tr\/index.php\/portfolio\/kaktus-skulent-topragi-2-5-lt\/\">KAKT\u00dcS SKULENT TOPRA\u011eI 2.5 LT<\/a><\/h5>\r\n                    <div class=\"view-more\"><a href=\"https:\/\/soilfert.com.tr\/index.php\/portfolio\/kaktus-skulent-topragi-2-5-lt\/\" class=\"roof-btn roof-btn-small\">Detaylar<\/a><\/div>\r\n                  <\/div>\r\n                <\/div>\r\n              <\/div>\r\n            <\/div>\r\n          <\/div>\r\n\r\n                  <div class=\"masonry-item masonry-grid msry-detail-page kaktus-skulent-topragi-item torf-ve-topraklar-item \" data-category=\"kaktus-skulent-topragi-item torf-ve-topraklar-item \">\r\n            <div class=\"work-list\">\r\n              <div class=\"roof-picture\"> <img decoding=\"async\" src=\"https:\/\/soilfert.com.tr\/wp-content\/uploads\/2025\/08\/KAKTUS5LT-370x300.jpg\" alt=\"KAKT\u00dcS SKULENT TOPRA\u011eI 5 LT\"><\/div>\r\n              <div class=\"work-info\">\r\n                <div class=\"roof-table-container\">\r\n                  <div class=\"roof-align-container\">\r\n                    <h5 class=\"work-title\"><a href=\"https:\/\/soilfert.com.tr\/index.php\/portfolio\/kaktus-skulent-topragi-5-lt\/\">KAKT\u00dcS SKULENT TOPRA\u011eI 5 LT<\/a><\/h5>\r\n                    <div class=\"view-more\"><a href=\"https:\/\/soilfert.com.tr\/index.php\/portfolio\/kaktus-skulent-topragi-5-lt\/\" class=\"roof-btn roof-btn-small\">Detaylar<\/a><\/div>\r\n                  <\/div>\r\n                <\/div>\r\n              <\/div>\r\n            <\/div>\r\n          <\/div>\r\n\r\n                  <div class=\"masonry-item masonry-grid msry-detail-page ic-mekan-bitki-topragi-item torf-ve-topraklar-item \" data-category=\"ic-mekan-bitki-topragi-item torf-ve-topraklar-item \">\r\n            <div class=\"work-list\">\r\n              <div class=\"roof-picture\"> <img decoding=\"async\" src=\"https:\/\/soilfert.com.tr\/wp-content\/uploads\/2025\/08\/ICMEKANBITKI10LT-370x300.jpg\" alt=\"\u0130\u00c7 MEKAN B\u0130TK\u0130 TOPRA\u011eI 10 LT\"><\/div>\r\n              <div class=\"work-info\">\r\n                <div class=\"roof-table-container\">\r\n                  <div class=\"roof-align-container\">\r\n                    <h5 class=\"work-title\"><a href=\"https:\/\/soilfert.com.tr\/index.php\/portfolio\/ic-mekan-bitki-topragi-10-lt\/\">\u0130\u00c7 MEKAN B\u0130TK\u0130 TOPRA\u011eI 10 LT<\/a><\/h5>\r\n                    <div class=\"view-more\"><a href=\"https:\/\/soilfert.com.tr\/index.php\/portfolio\/ic-mekan-bitki-topragi-10-lt\/\" class=\"roof-btn roof-btn-small\">Detaylar<\/a><\/div>\r\n                  <\/div>\r\n                <\/div>\r\n              <\/div>\r\n            <\/div>\r\n          <\/div>\r\n\r\n                  <div class=\"masonry-item masonry-grid msry-detail-page ic-mekan-bitki-topragi-item torf-ve-topraklar-item \" data-category=\"ic-mekan-bitki-topragi-item torf-ve-topraklar-item \">\r\n            <div class=\"work-list\">\r\n              <div class=\"roof-picture\"> <img decoding=\"async\" src=\"https:\/\/soilfert.com.tr\/wp-content\/uploads\/2025\/08\/ICMEKANBITKI20LT-370x300.jpg\" alt=\"\u0130\u00c7 MEKAN B\u0130TK\u0130 TOPRA\u011eI 20 LT\"><\/div>\r\n              <div class=\"work-info\">\r\n                <div class=\"roof-table-container\">\r\n                  <div class=\"roof-align-container\">\r\n                    <h5 class=\"work-title\"><a href=\"https:\/\/soilfert.com.tr\/index.php\/portfolio\/ic-mekan-bitki-topragi-20-lt-2\/\">\u0130\u00c7 MEKAN B\u0130TK\u0130 TOPRA\u011eI 20 LT<\/a><\/h5>\r\n                    <div class=\"view-more\"><a href=\"https:\/\/soilfert.com.tr\/index.php\/portfolio\/ic-mekan-bitki-topragi-20-lt-2\/\" class=\"roof-btn roof-btn-small\">Detaylar<\/a><\/div>\r\n                  <\/div>\r\n                <\/div>\r\n              <\/div>\r\n            <\/div>\r\n          <\/div>\r\n\r\n                  <div class=\"masonry-item masonry-grid msry-detail-page fide-yetistirme-topragi-item torf-ve-topraklar-item \" data-category=\"fide-yetistirme-topragi-item torf-ve-topraklar-item \">\r\n            <div class=\"work-list\">\r\n              <div class=\"roof-picture\"> <img decoding=\"async\" src=\"https:\/\/soilfert.com.tr\/wp-content\/uploads\/2025\/08\/FIDEYETISTIRME5LT-370x300.jpg\" alt=\"F\u0130DE YET\u0130\u015eT\u0130RME TOPRA\u011eI 5LT\"><\/div>\r\n              <div class=\"work-info\">\r\n                <div class=\"roof-table-container\">\r\n                  <div class=\"roof-align-container\">\r\n                    <h5 class=\"work-title\"><a href=\"https:\/\/soilfert.com.tr\/index.php\/portfolio\/fide-yetistirme-topragi-5lt\/\">F\u0130DE YET\u0130\u015eT\u0130RME TOPRA\u011eI 5LT<\/a><\/h5>\r\n                    <div class=\"view-more\"><a href=\"https:\/\/soilfert.com.tr\/index.php\/portfolio\/fide-yetistirme-topragi-5lt\/\" class=\"roof-btn roof-btn-small\">Detaylar<\/a><\/div>\r\n                  <\/div>\r\n                <\/div>\r\n              <\/div>\r\n            <\/div>\r\n          <\/div>\r\n\r\n                  <div class=\"masonry-item masonry-grid msry-detail-page fide-yetistirme-topragi-item torf-ve-topraklar-item \" data-category=\"fide-yetistirme-topragi-item torf-ve-topraklar-item \">\r\n            <div class=\"work-list\">\r\n              <div class=\"roof-picture\"> <img decoding=\"async\" src=\"https:\/\/soilfert.com.tr\/wp-content\/uploads\/2025\/08\/FIDEYETISTIRME10LT-370x300.jpg\" alt=\"F\u0130DE YET\u0130\u015eT\u0130RME TOPRA\u011eI 10LT\"><\/div>\r\n              <div class=\"work-info\">\r\n                <div class=\"roof-table-container\">\r\n                  <div class=\"roof-align-container\">\r\n                    <h5 class=\"work-title\"><a href=\"https:\/\/soilfert.com.tr\/index.php\/portfolio\/fide-yetistirme-topragi-10lt\/\">F\u0130DE YET\u0130\u015eT\u0130RME TOPRA\u011eI 10LT<\/a><\/h5>\r\n                    <div class=\"view-more\"><a href=\"https:\/\/soilfert.com.tr\/index.php\/portfolio\/fide-yetistirme-topragi-10lt\/\" class=\"roof-btn roof-btn-small\">Detaylar<\/a><\/div>\r\n                  <\/div>\r\n                <\/div>\r\n              <\/div>\r\n            <\/div>\r\n          <\/div>\r\n\r\n                  <div class=\"masonry-item masonry-grid msry-detail-page fide-yetistirme-topragi-item torf-ve-topraklar-item \" data-category=\"fide-yetistirme-topragi-item torf-ve-topraklar-item \">\r\n            <div class=\"work-list\">\r\n              <div class=\"roof-picture\"> <img decoding=\"async\" src=\"https:\/\/soilfert.com.tr\/wp-content\/uploads\/2025\/08\/FIDEYETISTIRME20LT-370x300.jpg\" alt=\"F\u0130DE YET\u0130\u015eT\u0130RME TOPRA\u011eI 20LT\"><\/div>\r\n              <div class=\"work-info\">\r\n                <div class=\"roof-table-container\">\r\n                  <div class=\"roof-align-container\">\r\n                    <h5 class=\"work-title\"><a href=\"https:\/\/soilfert.com.tr\/index.php\/portfolio\/fide-yetistirme-topragi-20lt-2\/\">F\u0130DE YET\u0130\u015eT\u0130RME TOPRA\u011eI 20LT<\/a><\/h5>\r\n                    <div class=\"view-more\"><a href=\"https:\/\/soilfert.com.tr\/index.php\/portfolio\/fide-yetistirme-topragi-20lt-2\/\" class=\"roof-btn roof-btn-small\">Detaylar<\/a><\/div>\r\n                  <\/div>\r\n                <\/div>\r\n              <\/div>\r\n            <\/div>\r\n          <\/div>\r\n\r\n                  <div class=\"masonry-item masonry-grid msry-detail-page fide-yetistirme-topragi-item torf-ve-topraklar-item \" data-category=\"fide-yetistirme-topragi-item torf-ve-topraklar-item \">\r\n            <div class=\"work-list\">\r\n              <div class=\"roof-picture\"> <img decoding=\"async\" src=\"https:\/\/soilfert.com.tr\/wp-content\/uploads\/2025\/08\/FIDEYETISTIRME40LT-370x300.jpg\" alt=\"F\u0130DE YET\u0130\u015eT\u0130RME TOPRA\u011eI 40LT\"><\/div>\r\n              <div class=\"work-info\">\r\n                <div class=\"roof-table-container\">\r\n                  <div class=\"roof-align-container\">\r\n                    <h5 class=\"work-title\"><a href=\"https:\/\/soilfert.com.tr\/index.php\/portfolio\/fide-yetistirme-topragi-40lt\/\">F\u0130DE YET\u0130\u015eT\u0130RME TOPRA\u011eI 40LT<\/a><\/h5>\r\n                    <div class=\"view-more\"><a href=\"https:\/\/soilfert.com.tr\/index.php\/portfolio\/fide-yetistirme-topragi-40lt\/\" class=\"roof-btn roof-btn-small\">Detaylar<\/a><\/div>\r\n                  <\/div>\r\n                <\/div>\r\n              <\/div>\r\n            <\/div>\r\n          <\/div>\r\n\r\n                  <div class=\"masonry-item masonry-grid msry-detail-page bonsai-topragi-item torf-ve-topraklar-item \" data-category=\"bonsai-topragi-item torf-ve-topraklar-item \">\r\n            <div class=\"work-list\">\r\n              <div class=\"roof-picture\"> <img decoding=\"async\" src=\"https:\/\/soilfert.com.tr\/wp-content\/uploads\/2025\/08\/bonsai5lt-370x300.jpg\" alt=\"BONSA\u0130 TOPRA\u011eI 5 Lt\"><\/div>\r\n              <div class=\"work-info\">\r\n                <div class=\"roof-table-container\">\r\n                  <div class=\"roof-align-container\">\r\n                    <h5 class=\"work-title\"><a href=\"https:\/\/soilfert.com.tr\/index.php\/portfolio\/bonsaitopragi-5-lt\/\">BONSA\u0130 TOPRA\u011eI 5 Lt<\/a><\/h5>\r\n                    <div class=\"view-more\"><a href=\"https:\/\/soilfert.com.tr\/index.php\/portfolio\/bonsaitopragi-5-lt\/\" class=\"roof-btn roof-btn-small\">Detaylar<\/a><\/div>\r\n                  <\/div>\r\n                <\/div>\r\n              <\/div>\r\n            <\/div>\r\n          <\/div>\r\n\r\n                  <div class=\"masonry-item masonry-grid msry-detail-page bonsai-topragi-item torf-ve-topraklar-item \" data-category=\"bonsai-topragi-item torf-ve-topraklar-item \">\r\n            <div class=\"work-list\">\r\n              <div class=\"roof-picture\"> <img decoding=\"async\" src=\"https:\/\/soilfert.com.tr\/wp-content\/uploads\/2025\/08\/bonsai10lt-370x300.jpg\" alt=\"BONSA\u0130 TOPRA\u011eI 10 Lt\"><\/div>\r\n              <div class=\"work-info\">\r\n                <div class=\"roof-table-container\">\r\n                  <div class=\"roof-align-container\">\r\n                    <h5 class=\"work-title\"><a href=\"https:\/\/soilfert.com.tr\/index.php\/portfolio\/bonsaitopragi-10-lt\/\">BONSA\u0130 TOPRA\u011eI 10 Lt<\/a><\/h5>\r\n                    <div class=\"view-more\"><a href=\"https:\/\/soilfert.com.tr\/index.php\/portfolio\/bonsaitopragi-10-lt\/\" class=\"roof-btn roof-btn-small\">Detaylar<\/a><\/div>\r\n                  <\/div>\r\n                <\/div>\r\n              <\/div>\r\n            <\/div>\r\n          <\/div>\r\n\r\n                  <div class=\"masonry-item masonry-grid msry-detail-page genel-besin-bitki-topragi-item torf-ve-topraklar-item \" data-category=\"genel-besin-bitki-topragi-item torf-ve-topraklar-item \">\r\n            <div class=\"work-list\">\r\n              <div class=\"roof-picture\"> <img decoding=\"async\" src=\"https:\/\/soilfert.com.tr\/wp-content\/uploads\/2025\/08\/5kg-370x300.jpg\" alt=\"B\u0130TK\u0130 TOPRA\u011eI 5 Lt\"><\/div>\r\n              <div class=\"work-info\">\r\n                <div class=\"roof-table-container\">\r\n                  <div class=\"roof-align-container\">\r\n                    <h5 class=\"work-title\"><a href=\"https:\/\/soilfert.com.tr\/index.php\/portfolio\/genel-kullanim-bitki-topragi-5-lt\/\">B\u0130TK\u0130 TOPRA\u011eI 5 Lt<\/a><\/h5>\r\n                    <div class=\"view-more\"><a href=\"https:\/\/soilfert.com.tr\/index.php\/portfolio\/genel-kullanim-bitki-topragi-5-lt\/\" class=\"roof-btn roof-btn-small\">Detaylar<\/a><\/div>\r\n                  <\/div>\r\n                <\/div>\r\n              <\/div>\r\n            <\/div>\r\n          <\/div>\r\n\r\n                  <div class=\"masonry-item masonry-grid msry-detail-page genel-besin-bitki-topragi-item torf-ve-topraklar-item \" data-category=\"genel-besin-bitki-topragi-item torf-ve-topraklar-item \">\r\n            <div class=\"work-list\">\r\n              <div class=\"roof-picture\"> <img decoding=\"async\" src=\"https:\/\/soilfert.com.tr\/wp-content\/uploads\/2017\/06\/10kg-370x300.jpg\" alt=\"B\u0130TK\u0130 TOPRA\u011eI 10 Lt\"><\/div>\r\n              <div class=\"work-info\">\r\n                <div class=\"roof-table-container\">\r\n                  <div class=\"roof-align-container\">\r\n                    <h5 class=\"work-title\"><a href=\"https:\/\/soilfert.com.tr\/index.php\/portfolio\/genel-kullanim-bitki-topragi-10-lt\/\">B\u0130TK\u0130 TOPRA\u011eI 10 Lt<\/a><\/h5>\r\n                    <div class=\"view-more\"><a href=\"https:\/\/soilfert.com.tr\/index.php\/portfolio\/genel-kullanim-bitki-topragi-10-lt\/\" class=\"roof-btn roof-btn-small\">Detaylar<\/a><\/div>\r\n                  <\/div>\r\n                <\/div>\r\n              <\/div>\r\n            <\/div>\r\n          <\/div>\r\n\r\n                  <div class=\"masonry-item masonry-grid msry-detail-page genel-besin-bitki-topragi-item torf-ve-topraklar-item \" data-category=\"genel-besin-bitki-topragi-item torf-ve-topraklar-item \">\r\n            <div class=\"work-list\">\r\n              <div class=\"roof-picture\"> <img decoding=\"async\" src=\"https:\/\/soilfert.com.tr\/wp-content\/uploads\/2017\/06\/20kg-370x300.jpg\" alt=\"B\u0130TK\u0130 TOPRA\u011eI 20 kg\"><\/div>\r\n              <div class=\"work-info\">\r\n                <div class=\"roof-table-container\">\r\n                  <div class=\"roof-align-container\">\r\n                    <h5 class=\"work-title\"><a href=\"https:\/\/soilfert.com.tr\/index.php\/portfolio\/genel-kullanim-bitki-topragi-20-kg\/\">B\u0130TK\u0130 TOPRA\u011eI 20 kg<\/a><\/h5>\r\n                    <div class=\"view-more\"><a href=\"https:\/\/soilfert.com.tr\/index.php\/portfolio\/genel-kullanim-bitki-topragi-20-kg\/\" class=\"roof-btn roof-btn-small\">Detaylar<\/a><\/div>\r\n                  <\/div>\r\n                <\/div>\r\n              <\/div>\r\n            <\/div>\r\n          <\/div>\r\n\r\n                  <div class=\"masonry-item masonry-grid msry-detail-page genel-besin-bitki-topragi-item torf-ve-topraklar-item \" data-category=\"genel-besin-bitki-topragi-item torf-ve-topraklar-item \">\r\n            <div class=\"work-list\">\r\n              <div class=\"roof-picture\"> <img decoding=\"async\" src=\"https:\/\/soilfert.com.tr\/wp-content\/uploads\/2017\/06\/40kg-370x300.jpg\" alt=\"B\u0130TK\u0130 TOPRA\u011eI 40 kg\"><\/div>\r\n              <div class=\"work-info\">\r\n                <div class=\"roof-table-container\">\r\n                  <div class=\"roof-align-container\">\r\n                    <h5 class=\"work-title\"><a href=\"https:\/\/soilfert.com.tr\/index.php\/portfolio\/genel-kullanim-bitki-topragi-40-kg\/\">B\u0130TK\u0130 TOPRA\u011eI 40 kg<\/a><\/h5>\r\n                    <div class=\"view-more\"><a href=\"https:\/\/soilfert.com.tr\/index.php\/portfolio\/genel-kullanim-bitki-topragi-40-kg\/\" class=\"roof-btn roof-btn-small\">Detaylar<\/a><\/div>\r\n                  <\/div>\r\n                <\/div>\r\n              <\/div>\r\n            <\/div>\r\n          <\/div>\r\n\r\n                  <div class=\"masonry-item masonry-grid msry-detail-page bitki-besleme-item \" data-category=\"bitki-besleme-item \">\r\n            <div class=\"work-list\">\r\n              <div class=\"roof-picture\"> <img decoding=\"async\" src=\"https:\/\/soilfert.com.tr\/wp-content\/uploads\/2017\/06\/cimbitkibesini-370x300.jpg\" alt=\"\u00c7\u0130M B\u0130TK\u0130 BES\u0130N\u0130\"><\/div>\r\n              <div class=\"work-info\">\r\n                <div class=\"roof-table-container\">\r\n                  <div class=\"roof-align-container\">\r\n                    <h5 class=\"work-title\"><a href=\"https:\/\/soilfert.com.tr\/index.php\/portfolio\/cim-bitki-besini\/\">\u00c7\u0130M B\u0130TK\u0130 BES\u0130N\u0130<\/a><\/h5>\r\n                    <div class=\"view-more\"><a href=\"https:\/\/soilfert.com.tr\/index.php\/portfolio\/cim-bitki-besini\/\" class=\"roof-btn roof-btn-small\">Detaylar<\/a><\/div>\r\n                  <\/div>\r\n                <\/div>\r\n              <\/div>\r\n            <\/div>\r\n          <\/div>\r\n\r\n                  <div class=\"masonry-item masonry-grid msry-detail-page bitki-besleme-item \" data-category=\"bitki-besleme-item \">\r\n            <div class=\"work-list\">\r\n              <div class=\"roof-picture\"> <img decoding=\"async\" src=\"https:\/\/soilfert.com.tr\/wp-content\/uploads\/2017\/06\/orkide-besini-370x300.jpg\" alt=\"ORK\u0130DE BES\u0130N\u0130\"><\/div>\r\n              <div class=\"work-info\">\r\n                <div class=\"roof-table-container\">\r\n                  <div class=\"roof-align-container\">\r\n                    <h5 class=\"work-title\"><a href=\"https:\/\/soilfert.com.tr\/index.php\/portfolio\/orkide-besini\/\">ORK\u0130DE BES\u0130N\u0130<\/a><\/h5>\r\n                    <div class=\"view-more\"><a href=\"https:\/\/soilfert.com.tr\/index.php\/portfolio\/orkide-besini\/\" class=\"roof-btn roof-btn-small\">Detaylar<\/a><\/div>\r\n                  <\/div>\r\n                <\/div>\r\n              <\/div>\r\n            <\/div>\r\n          <\/div>\r\n\r\n                  <div class=\"masonry-item masonry-grid msry-detail-page bitki-besleme-item \" data-category=\"bitki-besleme-item \">\r\n            <div class=\"work-list\">\r\n              <div class=\"roof-picture\"> <img decoding=\"async\" src=\"https:\/\/soilfert.com.tr\/wp-content\/uploads\/2017\/06\/katus-370x300.jpg\" alt=\"KAKT\u00dcS SUKULENT\"><\/div>\r\n              <div class=\"work-info\">\r\n                <div class=\"roof-table-container\">\r\n                  <div class=\"roof-align-container\">\r\n                    <h5 class=\"work-title\"><a href=\"https:\/\/soilfert.com.tr\/index.php\/portfolio\/kaktus-sukulent\/\">KAKT\u00dcS SUKULENT<\/a><\/h5>\r\n                    <div class=\"view-more\"><a href=\"https:\/\/soilfert.com.tr\/index.php\/portfolio\/kaktus-sukulent\/\" class=\"roof-btn roof-btn-small\">Detaylar<\/a><\/div>\r\n                  <\/div>\r\n                <\/div>\r\n              <\/div>\r\n            <\/div>\r\n          <\/div>\r\n\r\n                  <div class=\"masonry-item masonry-grid msry-detail-page bitki-besleme-item \" data-category=\"bitki-besleme-item \">\r\n            <div class=\"work-list\">\r\n              <div class=\"roof-picture\"> <img decoding=\"async\" src=\"https:\/\/soilfert.com.tr\/wp-content\/uploads\/2017\/06\/dahayesilyapraklar-370x300.jpg\" alt=\"DAHA YE\u015e\u0130L YAPRAKLAR\"><\/div>\r\n              <div class=\"work-info\">\r\n                <div class=\"roof-table-container\">\r\n                  <div class=\"roof-align-container\">\r\n                    <h5 class=\"work-title\"><a href=\"https:\/\/soilfert.com.tr\/index.php\/portfolio\/daha-yesil-yapraklar\/\">DAHA YE\u015e\u0130L YAPRAKLAR<\/a><\/h5>\r\n                    <div class=\"view-more\"><a href=\"https:\/\/soilfert.com.tr\/index.php\/portfolio\/daha-yesil-yapraklar\/\" class=\"roof-btn roof-btn-small\">Detaylar<\/a><\/div>\r\n                  <\/div>\r\n                <\/div>\r\n              <\/div>\r\n            <\/div>\r\n          <\/div>\r\n\r\n                  <div class=\"masonry-item masonry-grid msry-detail-page bitki-besleme-item \" data-category=\"bitki-besleme-item \">\r\n            <div class=\"work-list\">\r\n              <div class=\"roof-picture\"> <img decoding=\"async\" src=\"https:\/\/soilfert.com.tr\/wp-content\/uploads\/2017\/06\/ciceklibitkiler-370x300.jpg\" alt=\"\u00c7\u0130\u00c7EKL\u0130 B\u0130TK\u0130LER\"><\/div>\r\n              <div class=\"work-info\">\r\n                <div class=\"roof-table-container\">\r\n                  <div class=\"roof-align-container\">\r\n                    <h5 class=\"work-title\"><a href=\"https:\/\/soilfert.com.tr\/index.php\/portfolio\/cicekli-bitkiler\/\">\u00c7\u0130\u00c7EKL\u0130 B\u0130TK\u0130LER<\/a><\/h5>\r\n                    <div class=\"view-more\"><a href=\"https:\/\/soilfert.com.tr\/index.php\/portfolio\/cicekli-bitkiler\/\" class=\"roof-btn roof-btn-small\">Detaylar<\/a><\/div>\r\n                  <\/div>\r\n                <\/div>\r\n              <\/div>\r\n            <\/div>\r\n          <\/div>\r\n\r\n        \r\n    <\/div>\r\n    <div class=\"all-project\"><span class=\"roof-btn roof-btn-medium roof-btn-orange-border\">T\u00fcm \u00dcr\u00fcnler<\/span><\/div>        <\/section>\r\n    <!-- Portfolio End -->\r\n\r\n    [\/vc_column][\/vc_row]<\/p>\n<\/div>","protected":false},"excerpt":{"rendered":"[vc_row][vc_column][\/vc_column][\/vc_row]","protected":false},"author":1,"featured_media":0,"parent":0,"menu_order":0,"comment_status":"closed","ping_status":"closed","template":"","meta":{"footnotes":""},"class_list":["post-540","page","type-page","status-publish","hentry"],"_links":{"self":[{"href":"https:\/\/soilfert.com.tr\/index.php\/wp-json\/wp\/v2\/pages\/540","targetHints":{"allow":["GET"]}}],"collection":[{"href":"https:\/\/soilfert.com.tr\/index.php\/wp-json\/wp\/v2\/pages"}],"about":[{"href":"https:\/\/soilfert.com.tr\/index.php\/wp-json\/wp\/v2\/types\/page"}],"author":[{"embeddable":true,"href":"https:\/\/soilfert.com.tr\/index.php\/wp-json\/wp\/v2\/users\/1"}],"replies":[{"embeddable":true,"href":"https:\/\/soilfert.com.tr\/index.php\/wp-json\/wp\/v2\/comments?post=540"}],"version-history":[{"count":2,"href":"https:\/\/soilfert.com.tr\/index.php\/wp-json\/wp\/v2\/pages\/540\/revisions"}],"predecessor-version":[{"id":2406,"href":"https:\/\/soilfert.com.tr\/index.php\/wp-json\/wp\/v2\/pages\/540\/revisions\/2406"}],"wp:attachment":[{"href":"https:\/\/soilfert.com.tr\/index.php\/wp-json\/wp\/v2\/media?parent=540"}],"curies":[{"name":"wp","href":"https:\/\/api.w.org\/{rel}","templated":true}]}}